{"id":236,"date":"2024-08-27T19:19:16","date_gmt":"2024-08-27T19:19:16","guid":{"rendered":"https:\/\/www.visocialcare.se\/?page_id=236"},"modified":"2024-08-28T18:26:13","modified_gmt":"2024-08-28T18:26:13","slug":"about-2","status":"publish","type":"page","link":"https:\/\/www.visocialcare.se\/index.php\/about-2\/","title":{"rendered":"Konsulentst\u00f6dda familjehem"},"content":{"rendered":"\n<div class=\"wp-block-columns is-layout-flex wp-container-core-columns-is-layout-9d6595d7 wp-block-columns-is-layout-flex\">\n<div class=\"wp-block-column is-layout-flow wp-block-column-is-layout-flow\"><\/div>\n\n\n\n<div class=\"wp-block-column is-layout-flow wp-block-column-is-layout-flow\" style=\"flex-basis:60%\">\n<h6 class=\"wp-block-heading has-text-align-left has-text-color\" style=\"color:#3857f1\"><\/h6>\n\n\n\n<h2 class=\"wp-block-heading has-text-align-center si-clear-tm h1\">Konsulentst\u00f6dda familjehem<\/h2>\n\n\n\n<p class=\"has-text-color has-medium-font-size\" style=\"color:#666666\"><em>Vi SocialCare erbjuder stabila och trygga familjehem som \u00e4r utredda <br>utifr\u00e5n ett systemteoretiskt syns\u00e4tt med fokus p\u00e5 mentalisering- och <br>anknytningsf\u00f6rm\u00e5gan.<\/em><\/p>\n\n\n\n<hr class=\"wp-block-separator has-alpha-channel-opacity\"\/>\n\n\n\n<p><strong>Familjehemsutredningen har skett utifr\u00e5n en variant av K\u00e4lvestens<br> djupintervju, Bra-Fams formul\u00e4r, registerinh\u00e4mtning, referenstagning <br>och analys samt hembes\u00f6k. Samtliga familjehem genomg\u00e5r socialstyrelsens <br>utbildning \u201dEtt hem att v\u00e4xa i\u201d.<\/strong><\/p>\n<\/div>\n\n\n\n<div class=\"wp-block-column is-layout-flow wp-block-column-is-layout-flow\"><\/div>\n<\/div>\n\n\n\n<figure class=\"wp-block-image alignfull size-full\"><img loading=\"lazy\" decoding=\"async\" width=\"700\" height=\"450\" src=\"http:\/\/www.visocialcare.se\/wp-content\/uploads\/2024\/08\/bild_1.jpeg\" alt=\"\" class=\"wp-image-249\" srcset=\"https:\/\/www.visocialcare.se\/wp-content\/uploads\/2024\/08\/bild_1.jpeg 700w, https:\/\/www.visocialcare.se\/wp-content\/uploads\/2024\/08\/bild_1-300x193.jpeg 300w\" sizes=\"auto, (max-width: 700px) 100vw, 700px\" \/><\/figure>\n\n\n\n<div class=\"wp-block-columns are-vertically-aligned-top is-layout-flex wp-container-core-columns-is-layout-9d6595d7 wp-block-columns-is-layout-flex\">\n<div class=\"wp-block-column is-vertically-aligned-top is-layout-flow wp-block-column-is-layout-flow\"><\/div>\n\n\n\n<div class=\"wp-block-column is-vertically-aligned-top is-layout-flow wp-block-column-is-layout-flow\" style=\"flex-basis:60%\">\n<div style=\"height:20px\" aria-hidden=\"true\" class=\"wp-block-spacer\"><\/div>\n\n\n\n<h6 class=\"wp-block-heading has-text-align-left si-clear-tm has-text-color\" style=\"color:#3857f1\"><\/h6>\n\n\n\n<p class=\"has-medium-font-size\">Familjehemskonsulent finns tillg\u00e4nglig dygnet runt f\u00f6r v\u00e5ra familjehem. Varje vecka f\u00e5r familjehemmen bes\u00f6k av en familjehemskonsultent som ger handledning, st\u00f6d och v\u00e4gledning utifr\u00e5n MBT-F, mentaliseringsbaserad terapi f\u00f6r familjehemsv\u00e5rd.<\/p>\n\n\n\n<p class=\"has-medium-font-size\">Vi SocialCares konsulentst\u00f6dda familjehem kan ta emot b\u00e5de stadigvarande placeringar men \u00e4ven akut jourplaceringar. Familjehemmen har m\u00f6jlighet att ta emot syskonplaceringar, ensamkommande, mamma- och barnplaceringar samt skyddat boende.&nbsp;<\/p>\n\n\n\n<p class=\"has-medium-font-size\">Vi SocialCare erbjuder ocks\u00e5 till\u00e4ggstj\u00e4nster f\u00f6r de placerade barn och ungdomarna s\u00e5som samtalskontakt f\u00f6r den placerade och\/eller vara behj\u00e4lplig vid umg\u00e4nge med v\u00e5rdnadshavare samt observationsuppdrag, etc.<\/p>\n\n\n\n<div style=\"height:20px\" aria-hidden=\"true\" class=\"wp-block-spacer\"><\/div>\n\n\n\n<p><\/p>\n<\/div>\n\n\n\n<div class=\"wp-block-column is-vertically-aligned-top is-layout-flow wp-block-column-is-layout-flow\"><\/div>\n<\/div>\n\n\n\n<p><\/p>\n","protected":false},"excerpt":{"rendered":"<p>Konsulentst\u00f6dda familjehem Vi SocialCare erbjuder stabila och trygga familjehem som \u00e4r utredda utifr\u00e5n ett systemteoretiskt syns\u00e4tt med fokus p\u00e5&hellip;<\/p>\n","protected":false},"author":1,"featured_media":0,"parent":0,"menu_order":0,"comment_status":"closed","ping_status":"closed","template":"","meta":{"footnotes":""},"class_list":["post-236","page","type-page","status-publish","hentry"],"_links":{"self":[{"href":"https:\/\/www.visocialcare.se\/index.php\/wp-json\/wp\/v2\/pages\/236","targetHints":{"allow":["GET"]}}],"collection":[{"href":"https:\/\/www.visocialcare.se\/index.php\/wp-json\/wp\/v2\/pages"}],"about":[{"href":"https:\/\/www.visocialcare.se\/index.php\/wp-json\/wp\/v2\/types\/page"}],"author":[{"embeddable":true,"href":"https:\/\/www.visocialcare.se\/index.php\/wp-json\/wp\/v2\/users\/1"}],"replies":[{"embeddable":true,"href":"https:\/\/www.visocialcare.se\/index.php\/wp-json\/wp\/v2\/comments?post=236"}],"version-history":[{"count":4,"href":"https:\/\/www.visocialcare.se\/index.php\/wp-json\/wp\/v2\/pages\/236\/revisions"}],"predecessor-version":[{"id":251,"href":"https:\/\/www.visocialcare.se\/index.php\/wp-json\/wp\/v2\/pages\/236\/revisions\/251"}],"wp:attachment":[{"href":"https:\/\/www.visocialcare.se\/index.php\/wp-json\/wp\/v2\/media?parent=236"}],"curies":[{"name":"wp","href":"https:\/\/api.w.org\/{rel}","templated":true}]}}