{"id":238,"date":"2024-08-27T19:20:03","date_gmt":"2024-08-27T19:20:03","guid":{"rendered":"https:\/\/www.visocialcare.se\/?page_id=238"},"modified":"2025-11-25T08:47:43","modified_gmt":"2025-11-25T08:47:43","slug":"about-3","status":"publish","type":"page","link":"https:\/\/www.visocialcare.se\/index.php\/about-3\/","title":{"rendered":"Teoretisk grund"},"content":{"rendered":"\n<div class=\"wp-block-columns is-layout-flex wp-container-core-columns-is-layout-9d6595d7 wp-block-columns-is-layout-flex\">\n<div class=\"wp-block-column is-layout-flow wp-block-column-is-layout-flow\"><\/div>\n\n\n\n<div class=\"wp-block-column is-layout-flow wp-block-column-is-layout-flow\" style=\"flex-basis:60%\">\n<h6 class=\"wp-block-heading has-text-align-left has-text-color\" style=\"color:#3857f1\"><\/h6>\n\n\n\n<h2 class=\"wp-block-heading has-text-align-center si-clear-tm h1\">Teoretisk grund<\/h2>\n\n\n\n<p class=\"has-text-color has-medium-font-size\" style=\"color:#666666\"><em><em>Vi SocialCare utg\u00e5r fr\u00e5n grundsynen MBT, mentaliseringsbaserad terapi. D\u00e5 Vi SocialCare anser att varje placering inneb\u00e4r n\u00e5gon form av kris och\/eller trauma f\u00f6r den placerade.<\/em><\/em><\/p>\n\n\n\n<hr class=\"wp-block-separator has-alpha-channel-opacity\"\/>\n\n\n\n<p><strong>Vi SocialCare erbjuder d\u00e4rf\u00f6r trygga och stabila familjehem som st\u00e5r f\u00f6r den yttre stabiliseringen i vardagen, vilket \u00e4r en f\u00f6ruts\u00e4ttning f\u00f6r att kunna p\u00e5b\u00f6rja en bearbetning.\u00a0<\/strong><\/p>\n<\/div>\n\n\n\n<div class=\"wp-block-column is-layout-flow wp-block-column-is-layout-flow\"><\/div>\n<\/div>\n\n\n\n<figure class=\"wp-block-image alignfull size-full\"><img loading=\"lazy\" decoding=\"async\" width=\"700\" height=\"450\" src=\"http:\/\/www.visocialcare.se\/wp-content\/uploads\/2024\/08\/bild_6.jpg\" alt=\"\" class=\"wp-image-209\" srcset=\"https:\/\/www.visocialcare.se\/wp-content\/uploads\/2024\/08\/bild_6.jpg 700w, https:\/\/www.visocialcare.se\/wp-content\/uploads\/2024\/08\/bild_6-300x193.jpg 300w\" sizes=\"auto, (max-width: 700px) 100vw, 700px\" \/><\/figure>\n\n\n\n<div class=\"wp-block-columns are-vertically-aligned-top is-layout-flex wp-container-core-columns-is-layout-9d6595d7 wp-block-columns-is-layout-flex\">\n<div class=\"wp-block-column is-vertically-aligned-top is-layout-flow wp-block-column-is-layout-flow\"><\/div>\n\n\n\n<div class=\"wp-block-column is-vertically-aligned-top is-layout-flow wp-block-column-is-layout-flow\" style=\"flex-basis:60%\">\n<div style=\"height:20px\" aria-hidden=\"true\" class=\"wp-block-spacer\"><\/div>\n\n\n\n<h6 class=\"wp-block-heading has-text-align-left si-clear-tm has-text-color\" style=\"color:#3857f1\"><\/h6>\n\n\n\n<p class=\"has-text-color has-medium-font-size\" style=\"color:#666666\">Mentaliseringsbaserad terapi kommer fr\u00e5n engelskans Mentalization Based Treatment (MBT) och \u00e4r en manualbaserad behandlingsmodell, utarbetad av Peter Fonagy och Anthony Bateman. Teorin baseras p\u00e5 psykoanalytiskt t\u00e4nkande integrerad med anknytningsteori d\u00e4r Peter Fonagys mentaliseringsid\u00e9er utg\u00f6r den teoretiska grunden. Mentaliseringsteorin bygger p\u00e5 det faktum att alla m\u00e4nniskor uppfattar verkligheten p\u00e5 olika s\u00e4tt, eftersom de har olika erfarenheter, impulser och intressen.\u00a0<\/p>\n\n\n\n<p class=\"has-medium-font-size\"><strong>Att mentalisera inneb\u00e4r\u2026..<\/strong><\/p>\n\n\n\n<p>\u2026.att vara medveten om medvetandet(holding mind in mind).<\/p>\n\n\n\n<p>\u2026.den process som g\u00f6r det vi t\u00e4nker, k\u00e4nner och g\u00f6r verkligt f\u00f6r oss och ger oss en k\u00e4nsla av att finnas i v\u00e4rlden.<\/p>\n\n\n\n<p>\u2026.att genom f\u00f6rest\u00e4llningsf\u00f6rm\u00e5gan uppfatta och tolka beteenden som uttryck f\u00f6r mentala avsikter.<\/p>\n\n\n\n<p>\u2026.att g\u00f6ra egna och andras handlingar begripliga utifr\u00e5n bakomliggande mentala avsikter, som \u00f6nskningar, k\u00e4nslor och f\u00f6rest\u00e4llningar. Mentalisering inneb\u00e4r att inse att det som finns i sinnet, finns i sinnet. Mentalisering inneb\u00e4r i allt v\u00e4sentligt om att f\u00f6rst\u00e5 andra och sig sj\u00e4lv, implicit och explicit, i termer av mentala tillst\u00e5nd och mentala processer.<\/p>\n\n\n\n<p><em>Utdrag ur boken Mentalisering \u2013 Att leka med verkligheten, Ryd\u00e9n och Wallroth, 2008, sid 89, 239, 270-271<\/em><\/p>\n\n\n\n<div style=\"height:20px\" aria-hidden=\"true\" class=\"wp-block-spacer\"><\/div>\n\n\n\n<p><\/p>\n<\/div>\n\n\n\n<div class=\"wp-block-column is-vertically-aligned-top is-layout-flow wp-block-column-is-layout-flow\"><\/div>\n<\/div>\n\n\n\n<p><\/p>\n","protected":false},"excerpt":{"rendered":"<p>Teoretisk grund Vi SocialCare utg\u00e5r fr\u00e5n grundsynen MBT, mentaliseringsbaserad terapi. D\u00e5 Vi SocialCare anser att varje placering inneb\u00e4r n\u00e5gon&hellip;<\/p>\n","protected":false},"author":1,"featured_media":0,"parent":0,"menu_order":0,"comment_status":"closed","ping_status":"closed","template":"","meta":{"footnotes":""},"class_list":["post-238","page","type-page","status-publish","hentry"],"_links":{"self":[{"href":"https:\/\/www.visocialcare.se\/index.php\/wp-json\/wp\/v2\/pages\/238","targetHints":{"allow":["GET"]}}],"collection":[{"href":"https:\/\/www.visocialcare.se\/index.php\/wp-json\/wp\/v2\/pages"}],"about":[{"href":"https:\/\/www.visocialcare.se\/index.php\/wp-json\/wp\/v2\/types\/page"}],"author":[{"embeddable":true,"href":"https:\/\/www.visocialcare.se\/index.php\/wp-json\/wp\/v2\/users\/1"}],"replies":[{"embeddable":true,"href":"https:\/\/www.visocialcare.se\/index.php\/wp-json\/wp\/v2\/comments?post=238"}],"version-history":[{"count":2,"href":"https:\/\/www.visocialcare.se\/index.php\/wp-json\/wp\/v2\/pages\/238\/revisions"}],"predecessor-version":[{"id":290,"href":"https:\/\/www.visocialcare.se\/index.php\/wp-json\/wp\/v2\/pages\/238\/revisions\/290"}],"wp:attachment":[{"href":"https:\/\/www.visocialcare.se\/index.php\/wp-json\/wp\/v2\/media?parent=238"}],"curies":[{"name":"wp","href":"https:\/\/api.w.org\/{rel}","templated":true}]}}