{"id":240,"date":"2024-08-27T19:23:02","date_gmt":"2024-08-27T19:23:02","guid":{"rendered":"https:\/\/www.visocialcare.se\/?page_id=240"},"modified":"2024-08-27T19:23:06","modified_gmt":"2024-08-27T19:23:06","slug":"about-3-2","status":"publish","type":"page","link":"https:\/\/www.visocialcare.se\/index.php\/about-3-2\/","title":{"rendered":"Integritetspolicy"},"content":{"rendered":"\n<div class=\"wp-block-columns is-layout-flex wp-container-core-columns-is-layout-9d6595d7 wp-block-columns-is-layout-flex\">\n<div class=\"wp-block-column is-layout-flow wp-block-column-is-layout-flow\"><\/div>\n\n\n\n<div class=\"wp-block-column is-layout-flow wp-block-column-is-layout-flow\" style=\"flex-basis:60%\">\n<h6 class=\"wp-block-heading has-text-align-left has-text-color\" style=\"color:#3857f1\"><\/h6>\n\n\n\n<h2 class=\"wp-block-heading has-text-align-center si-clear-tm h1\">Integritetspolicy &#8211; Vi SocialCare<\/h2>\n\n\n\n<p class=\"has-text-color has-medium-font-size\" style=\"color:#666666\"><\/p>\n<\/div>\n\n\n\n<div class=\"wp-block-column is-layout-flow wp-block-column-is-layout-flow\"><\/div>\n<\/div>\n\n\n\n<div class=\"wp-block-columns are-vertically-aligned-top is-layout-flex wp-container-core-columns-is-layout-9d6595d7 wp-block-columns-is-layout-flex\">\n<div class=\"wp-block-column is-vertically-aligned-top is-layout-flow wp-block-column-is-layout-flow\"><\/div>\n\n\n\n<div class=\"wp-block-column is-vertically-aligned-top is-layout-flow wp-block-column-is-layout-flow\" style=\"flex-basis:60%\">\n<div style=\"height:20px\" aria-hidden=\"true\" class=\"wp-block-spacer\"><\/div>\n\n\n\n<h6 class=\"wp-block-heading has-text-align-left si-clear-tm has-text-color\" style=\"color:#3857f1\"><\/h6>\n\n\n\n<p class=\"has-medium-font-size\">Det \u00e4r viktigt f\u00f6r oss att ni som familjehem k\u00e4nner till och f\u00f6rst\u00e5r hur vi hanterar uppgifter om er. Att vara familjehem inneb\u00e4r att vi h\u00e5ller en del information om er, eftersom vi har gjort en utredning av er eller att ni har gett oss en tidigare utredning som vi har kompletterat med aktuell situation. Vi SocialCare&#8217;s integritetspolicy f\u00f6rklarar hur vi samlar in och anv\u00e4nder din personliga information. Den beskriver ocks\u00e5 dina r\u00e4ttigheter som familjehem och hur du kan g\u00f6ra dem g\u00e4llande. Det \u00e4r viktigt att du tar del av och f\u00f6rst\u00e5r integritetspolicyn.<\/p>\n\n\n\n<p><strong>1. Allm\u00e4nt<\/strong><br>Vem \u00e4r ansvarig f\u00f6r de personuppgifter vi behandlar?<br>Vi SocialCare AB, org. nr 559013-7583 med adress Rams\u00e5sa Nyg\u00e5rd, 273 97 &nbsp;Tomelilla \u00e4r personuppgiftsansvarig f\u00f6r f\u00f6retagets behandling av personuppgifter.&nbsp;<\/p>\n\n\n\n<p><strong>2. Personuppgiftsansvar<\/strong><br>Vi SocialCare AB \u00e4r personuppgiftsansvarig f\u00f6r behandling av dina personuppgifter som familjehem och ansvarar f\u00f6r att s\u00e5dan behandling sker i enlighet med till\u00e4mplig lagstiftning.<br>Vi SocialCares kunder, kommunerna, \u00e4r i sin tur personuppgiftsansvarig f\u00f6r personuppgifter de samlar in.<\/p>\n\n\n\n<p><strong>3. N\u00e4r samlar vi in personuppgifter?<\/strong><br>Information du sj\u00e4lv uppger n\u00e4r du v\u00e4ljer att samarbeta med oss som familjehem. N\u00e4r vi utreder er som familjehem och som inh\u00e4mtas f\u00f6r detta syfte, b\u00e5de genom samtal med er, referent uppgifter, myndighetsuppgifter fr\u00e5n socialregister, brotts- och misstankeregister, f\u00f6rs\u00e4kringskassan och skatteverket.<\/p>\n\n\n\n<p><strong>4. Vilka personuppgifter samlar vi om dig?<\/strong><br>N\u00e4r du v\u00e4ljer att samarbeta med oss som familjehem samlar vi in dina kontaktuppgifter, namn, adress, e-postadress, telefonnummer och kontouppgifter.&nbsp;<\/p>\n\n\n\n<p><strong>5. Varf\u00f6r behandlar\/lagrar vi uppgifter om dig?<\/strong><br>Vi behandlar personuppgifter f\u00f6r att identifiera dig som familjehem och f\u00f6r att kunna presentera dig\/er f\u00f6r kommuner som letar efter familjehem. Vi behandlar \u00e4ven uppgifter f\u00f6r att kunna ge er det st\u00f6d och handledning som ni beh\u00f6ver vid ett uppdrag samt personuppgifter som kr\u00e4vs f\u00f6r att betala arvode och omkostnadsers\u00e4ttning till er vid en placering.&nbsp;<\/p>\n\n\n\n<p><strong>6. De lagliga grunderna f\u00f6r v\u00e5r behandling och lagringstid<\/strong><br>Vi behandlar personuppgifter n\u00e4r vi har ett ber\u00e4ttigat intresse eller en i \u00f6vrigt laglig grund f\u00f6r att behandla personuppgifter. Detta f\u00f6r att vi ska kunna bedriva v\u00e5r verksamhet och fullg\u00f6ra v\u00e5ra f\u00f6rpliktelser enligt lag och avtal med kunder. Vi behandlar personuppgifter f\u00f6r att matcha r\u00e4tt familjehem efter kommunernas \u00f6nskem\u00e5l och behov.&nbsp;<br>V\u00e5r utg\u00e5ngspunkt \u00e4r att varje familjehemsutredning \u00e4r avidentifierad i kommunikationen med kommunerna fram tills att kommunerna eventuellt vill tr\u00e4ffa er personligen och g\u00f6ra hembes\u00f6k samt vill ing\u00e5 avtal med oss.&nbsp;<\/p>\n\n\n\n<p><strong>7. Hur l\u00e4nge sparar vi uppgifter om dig?<\/strong><br>Dina personuppgifter sparas endast s\u00e5 l\u00e4nge som det finns ett behov av att spara dem f\u00f6r att fullg\u00f6ra de \u00e4ndam\u00e5l som uppgifterna samlades in f\u00f6r, i enlighet med denna integritetspolicy.&nbsp;<\/p>\n\n\n\n<p><strong>8. Vem l\u00e4mnar vi ut personuppgifter till?<\/strong><br>Vi SocialCare l\u00e4mnar ut viss information till tredje part, vid tj\u00e4nster f\u00f6r l\u00f6neutbetalning, fakturering och bokf\u00f6ring.&nbsp;<br>Personuppgifter kommer att l\u00e4mnas ut av Vi SocialCare om det \u00e4r n\u00f6dv\u00e4ndigt f\u00f6r att f\u00f6lja g\u00e4llande lagkrav eller krav fr\u00e5n myndigheter, f\u00f6r att tillvarata Vi SocialCares r\u00e4ttsliga intressen eller f\u00f6r att uppt\u00e4cka, f\u00f6rebygga eller uppm\u00e4rksamma bedr\u00e4geri och andra s\u00e4kerhets- eller tekniska problem.<\/p>\n\n\n\n<p><strong>9. \u00c4ndring av integritetspolicy<\/strong><br>Vi SocialCare har r\u00e4tt att \u00e4ndra Integritetspolicyn och vi kommer med rimlig varsel underr\u00e4tta dig n\u00e4r \u00e4ndringar sker av integritetspolicyn.&nbsp;<\/p>\n\n\n\n<p><strong>10. Skyddet av dina personuppgifter<\/strong><br>Vi vill att du ska k\u00e4nna dig trygg n\u00e4r du l\u00e4mnar dina personuppgifter till oss. Vi har tagit fram och inf\u00f6rt rutiner som beh\u00f6vs f\u00f6r att skydda dina personuppgifter mot otillb\u00f6rlig \u00e5tkomst, f\u00f6r\u00e4ndring och radering. Otillb\u00f6rlig \u00e5tkomst inneb\u00e4r att personuppgifter och familjehemsutredning som uppr\u00e4ttas behandlas konfidentiellt. Endast de personer som \u00e4r anst\u00e4llda som familjehemskonsulent inom Vi SocialCare har tillg\u00e5ng till samtliga uppgifter om er som familjehem. \u00d6vrig personal har enbart tillg\u00e5ng till viss information, se ovan, punkt 8.<\/p>\n\n\n\n<p><strong>11. Dina r\u00e4ttigheter<\/strong><br>Vi SocialCare ansvarar f\u00f6r att dina personuppgifter behandlas i enlighet med g\u00e4llande lagstiftning. Vi SocialCare kommer p\u00e5 din beg\u00e4ran eller p\u00e5 eget initiativ att r\u00e4tta, avidentifiera, radera eller komplettera uppgifter som uppt\u00e4cks vara felaktiga, ofullst\u00e4ndiga eller missvisande. Du har r\u00e4tt att f\u00e5 tillg\u00e5ng till dina personuppgifter och familjehemsutredning.&nbsp;<br>Du har r\u00e4tt att beg\u00e4ra att dina personuppgifter och familjehemsutredning samt \u00f6vrig information tas bort om du s\u00e5 \u00f6nskar. Det kan dock finnas lagkrav p\u00e5 att vi inte omedelbart f\u00e5r radera dina personuppgifter i exempelvis bokf\u00f6rings- och skattelagstiftning. Vi kommer d\u00e5 att avsluta den lagring som g\u00f6rs f\u00f6r andra \u00e4ndam\u00e5l och f\u00f6lja lagstiftningen.&nbsp;<\/p>\n\n\n\n<p class=\"has-medium-font-size\"><strong>12. Kontaktinformation<\/strong><br>Tveka inte att kontakta oss om du har n\u00e5gra fr\u00e5gor om denna Integritetspolicy. V\u00e5r kontaktinformation hittar du nedan.<br>Vi SocialCare AB<br>VD Viveca Nygren<br>Rams\u00e5sa Nyg\u00e5rd<br>273 97 &nbsp;Tomelilla<br>0708-147 790<br>info@visocialcare.se&nbsp;<\/p>\n\n\n\n<div style=\"height:20px\" aria-hidden=\"true\" class=\"wp-block-spacer\"><\/div>\n\n\n\n<p><\/p>\n<\/div>\n\n\n\n<div class=\"wp-block-column is-vertically-aligned-top is-layout-flow wp-block-column-is-layout-flow\"><\/div>\n<\/div>\n\n\n\n<p><\/p>\n","protected":false},"excerpt":{"rendered":"<p>Integritetspolicy &#8211; Vi SocialCare Det \u00e4r viktigt f\u00f6r oss att ni som familjehem k\u00e4nner till och f\u00f6rst\u00e5r hur vi&hellip;<\/p>\n","protected":false},"author":1,"featured_media":0,"parent":0,"menu_order":0,"comment_status":"closed","ping_status":"closed","template":"","meta":{"footnotes":""},"class_list":["post-240","page","type-page","status-publish","hentry"],"_links":{"self":[{"href":"https:\/\/www.visocialcare.se\/index.php\/wp-json\/wp\/v2\/pages\/240","targetHints":{"allow":["GET"]}}],"collection":[{"href":"https:\/\/www.visocialcare.se\/index.php\/wp-json\/wp\/v2\/pages"}],"about":[{"href":"https:\/\/www.visocialcare.se\/index.php\/wp-json\/wp\/v2\/types\/page"}],"author":[{"embeddable":true,"href":"https:\/\/www.visocialcare.se\/index.php\/wp-json\/wp\/v2\/users\/1"}],"replies":[{"embeddable":true,"href":"https:\/\/www.visocialcare.se\/index.php\/wp-json\/wp\/v2\/comments?post=240"}],"version-history":[{"count":1,"href":"https:\/\/www.visocialcare.se\/index.php\/wp-json\/wp\/v2\/pages\/240\/revisions"}],"predecessor-version":[{"id":241,"href":"https:\/\/www.visocialcare.se\/index.php\/wp-json\/wp\/v2\/pages\/240\/revisions\/241"}],"wp:attachment":[{"href":"https:\/\/www.visocialcare.se\/index.php\/wp-json\/wp\/v2\/media?parent=240"}],"curies":[{"name":"wp","href":"https:\/\/api.w.org\/{rel}","templated":true}]}}