{"id":252,"date":"2024-08-28T18:31:26","date_gmt":"2024-08-28T18:31:26","guid":{"rendered":"https:\/\/www.visocialcare.se\/?page_id=252"},"modified":"2024-08-28T18:31:29","modified_gmt":"2024-08-28T18:31:29","slug":"about-4","status":"publish","type":"page","link":"https:\/\/www.visocialcare.se\/index.php\/about-4\/","title":{"rendered":"Aktuellt"},"content":{"rendered":"\n<div class=\"wp-block-columns is-layout-flex wp-container-core-columns-is-layout-9d6595d7 wp-block-columns-is-layout-flex\">\n<div class=\"wp-block-column is-layout-flow wp-block-column-is-layout-flow\"><\/div>\n\n\n\n<div class=\"wp-block-column is-layout-flow wp-block-column-is-layout-flow\" style=\"flex-basis:60%\">\n<h6 class=\"wp-block-heading has-text-align-left has-text-color\" style=\"color:#3857f1\"><\/h6>\n\n\n\n<h2 class=\"wp-block-heading has-text-align-center si-clear-tm h1\">Aktuellt<\/h2>\n\n\n\n<p class=\"has-text-color has-medium-font-size\" style=\"color:#666666\"><em><strong>Nedan kan du l\u00e4sa mer om v\u00e5ra aktuella nyheter!<\/strong><\/em><\/p>\n\n\n\n<hr class=\"wp-block-separator has-alpha-channel-opacity\"\/>\n\n\n\n<p>April 2023 och det har precis varit p\u00e5sk. Uppt\u00e4cker att tiden bara springer iv\u00e4g och det var l\u00e4\u00e4\u00e4\u00e4nge sedan vi uppdaterade oss h\u00e4r p\u00e5 sidan. Men det \u00e4r v\u00e4l s\u00e5 n\u00e4r man \u00e4r lycklig. Tiden bara rusar och vi \u00e4lskar vad vi g\u00f6r. Skulle aldrig vilja jobba med n\u00e5got annat. Detta \u00e4r s\u00e5 berikande och s\u00e5 m\u00e5nga sp\u00e4nnande samtal och m\u00f6ten vi har varje dag. B\u00e5de K\u00e4the och jag(Viveca) \u00e4r r\u00f6rande \u00f6verens om att vi har hamnat r\u00e4tt.&nbsp;<\/p>\n\n\n\n<p>H\u00e4r kommer d\u00e5 lite uppdatering p\u00e5 vad vi gjort och vad som h\u00e4nt. Och gud vad det har h\u00e4nt saker!!<\/p>\n\n\n\n<p>Verksamheten har utvecklats ytterligare vad det g\u00e4ller familjehemsv\u00e5rden med fler familjehem och ytterligare placeringar genom verksamheten. Verksamheten har \u00e4ven fortsatt att erbjuda socionomkonsulter till Individ och familjeomsorgen inom socialtj\u00e4nsten.<\/p>\n\n\n\n<p>Viveca har under 2022 haft uppdrag som konsult inom individ och familjeomsorgen och har \u00e4ven fortsatt uppdrag under 2023. K\u00e4the som tidigare arbetat deltid arbetar nu 80 % inom verksamheten med fram f\u00f6r allt handledning till familjehem, rekrytering av familjehem samt att matcha familjehem utifr\u00e5n de f\u00f6rfr\u00e5gningar som inkommer.<\/p>\n\n\n\n<p>Viveca och K\u00e4the har b\u00e5da genomg\u00e5tt handledarutbildning med inriktning mot arbete med familjehem och kontaktfamiljer, vilken \u00e4r 15 HP. Det inneb\u00e4r att b\u00e5de Viveca och K\u00e4the har aktuell och relevant vidareutbildning inom familjehemsv\u00e5rden.<\/p>\n\n\n\n<p>Under h\u00f6sten 2022 har verksamheten fokuserat p\u00e5 att arbeta med det systematiska kvalitetsarbetet och ut\u00f6kat rutiner och riktlinjer samt handlingsplaner kring detta. Detta \u00e4r ett fortl\u00f6pande arbete som kommer att p\u00e5g\u00e5 kontinuerligt inom verksamheten.<\/p>\n\n\n\n<p>Verksamheten \u00e4r med i upphandlingen i Sk\u00e5nes kommunf\u00f6rbund som har ramavtal med kommuner fr\u00e5n Sk\u00e5ne, Halland och Kronoberg. Genom Familjehemsbanken, SSIL och Alla familjehem inkommer det regelbundet placeringsf\u00f6rfr\u00e5gningar. Kommuner kontaktar \u00e4ven verksamheten direkt f\u00f6r att f\u00e5 hj\u00e4lp att matcha med ett l\u00e4mpligt familjehem utifr\u00e5n den f\u00f6rfr\u00e5gan som finns.&nbsp;<\/p>\n\n\n\n<p>Verksamheten kan i dagsl\u00e4get erbjuda m\u00e5nga kompetenta familjehem och de flesta har l\u00e5ng erfarenhet av att vara familjehem. Alla familjehem inom Vi Social Care erbjuds att genomg\u00e5 utbildningen Ett hem att v\u00e4xa i. Familjehemmen f\u00e5r \u00e4ven utbildning inom mentalisering och vi har bland annat utg\u00e5tt fr\u00e5n Mentaliseringsboken av Per Wallroth.<\/p>\n\n\n\n<p>Vi letar st\u00e4ndigt nya familjehem s\u00e5 om Ni har ett rum ledigt, tid, engagemang samt k\u00e4nslom\u00e4ssigt utrymme s\u00e5 kontakta oss g\u00e4rna s\u00e5 ber\u00e4ttar vi mer om vad det inneb\u00e4r att vara familjehem genom oss.<\/p>\n\n\n\n<p><strong>Vid pennan Viveca och K\u00e4the<\/strong><\/p>\n\n\n\n<p><strong>Med snabba steg n\u00e4rmar det sig ett nytt \u00c5r 2020!<\/strong><\/p>\n\n\n\n<p>Vi kan se tillbaka p\u00e5 ett \u00e5r med m\u00e5nga intressanta m\u00f6ten och flera sp\u00e4nnande och givande uppdrag. Vi har ut\u00f6kat v\u00e5r familjehemsbank med ytterligare nya familjehem som vi ser fram emot med m\u00e5nga goda samarbeten under kommande \u00e5r.<\/p>\n\n\n\n<p>Verksamheten har fortsatt sitt arbete och utveckling med uppdrag inom b\u00e5de familjehemsv\u00e5rd och uppdrag som socionomkonsult. Viveca har kontinuerligt haft uppdrag med varierande utredningsarbete inom individ och familjeomsorgen. Familjehemsv\u00e5rden har \u00e4ven denna utvecklats genom att f\u00f6retaget f\u00e5tt fortsatt f\u00f6rtroende och nya uppdrag fr\u00e5n flera kommuner. Ambitionen f\u00f6r 2020 \u00e4r att utveckla och v\u00e4xa ytterligare inom familjehemsv\u00e5rden, bland annat genom att ing\u00e5 avtal och teckna ramavtal med kommuner inom familjehemsv\u00e5rden.<\/p>\n\n\n\n<p>Viveca har under h\u00f6sten genomf\u00f6rt en utbildning i att h\u00e5lla f\u00f6r\u00e4ldrautbildning f\u00f6r ombildade familjer, vilket menas med styv\/bonusfamiljer, familjehem och adoptionsf\u00f6r\u00e4ldrar. Utbildningen Aktivt ledarskap f\u00f6r bonusfamiljer har sin grund i Activt Parenting som skapades av Dr Michael H. Popkin i USA p\u00e5 1980-talet. Han och Elisabeth Einstein, som b\u00e5da har l\u00e5ng erfarenhet av att arbeta med f\u00f6r\u00e4ldrast\u00f6dsprogram, har arbetat fram Activa Parenting f\u00f6r Stepfamilys, vilket nu finns p\u00e5 svenska och utbildningen ges genom f\u00f6retaget Familjetr\u00e4det. Genom utbildningen \u00e4r nu Viveca utbildad kursledare och vid behov kan detta komma att bli aktuellt f\u00f6r v\u00e5ra familjehem som \u00e4ven de ing\u00e5r i gruppen ombildade familjer.<\/p>\n\n\n\n<p>Under kommande \u00e5r kommer f\u00f6retagets tj\u00e4nster att marknadsf\u00f6ras genom Familjehemsbankens interaktiva broschyr som kommer att inneh\u00e5lla information om de olika uppdrag som v\u00e5r verksamhet erbjuder. Vidare forts\u00e4tter vi \u00e4ven att publicera inl\u00e4gg och information p\u00e5 Facebook, kika g\u00e4rna in p\u00e5 v\u00e5r Facebooksida Vi Social Care.<\/p>\n\n\n\n<p>Vi ser fram emot det nya \u00e5ret med entusiasm och hoppas p\u00e5 fortsatt gott samarbete med m\u00e5nga nya utmaningar. Med detta vill vi \u00f6nska er alla ett riktigt sk\u00f6nt avslut av \u00c5r 2019 och ett riktigt Gott Nytt \u00c5r av 2020!<\/p>\n\n\n\n<p><strong>Vid pennan Viveca och K\u00e4the&nbsp;<\/strong><\/p>\n\n\n\n<p><strong>Dags f\u00f6r en liten uppdatering kring nuvarande situation och vad som st\u00e5r p\u00e5 agendan fram\u00f6ver. Mars 2019<\/strong><\/p>\n\n\n\n<p>B\u00e5de Viveca och K\u00e4the har under h\u00f6sten 2018 g\u00e5tt utbildning inom Nya K\u00e4lvestensmetoden. Detta inneb\u00e4r att vi har uppdaterat v\u00e5r kunskap inom familjehemsv\u00e5rden och d\u00e4rmed blivit godk\u00e4nda att genomf\u00f6ra familjehemsutredning enligt Nya K\u00e4lvestensmetoden. Vi ser fram emot att f\u00e5 anv\u00e4nda oss av dessa kunskaper och material fram\u00f6ver d\u00e5 vi kommer att forts\u00e4tta att utreda fler nya familjehem till verksamheten.&nbsp;<\/p>\n\n\n\n<p>Under v\u00e5ren 2019 s\u00f6ker vi fler och nya familjehem f\u00f6r att kunna matcha socialtj\u00e4nstens f\u00f6rfr\u00e5gningar g\u00e4llande placeringar av barn och ungdomar. Vi kommer till att b\u00f6rja med fr\u00e4mst att s\u00f6ka genom Familjehemsbanken och Alla Familjehem men ocks\u00e5 genom vissa familjehemssidor p\u00e5 Facebook. H\u00f6r g\u00e4rna av Er om Ni \u00e4r familjen vi s\u00f6ker, som har tid, engagemang och k\u00e4nslom\u00e4ssigt \u00f6verskott f\u00f6r ett barn eller ungdom.&nbsp;<\/p>\n\n\n\n<p>V\u00e5r ambition kommer fram\u00f6ver att vara att vi ska bli mer aktiva och uppdatera v\u00e5r Facebooksida oftare s\u00e5 att Ni kan f\u00f6lja v\u00e5rt arbete \u00e4ven d\u00e4r.<\/p>\n\n\n\n<p>Nu n\u00e4rmar sig ljusare tider och vi ser fram emot nya intressanta uppdrag och det arbete som ligger framf\u00f6r oss. Vi vill ocks\u00e5 passa p\u00e5 att \u00f6nska Er en riktig sk\u00f6n och f\u00f6rhoppningvis solig v\u00e5r.<\/p>\n\n\n\n<p>Vid pennan Viveca och K\u00e4the<\/p>\n\n\n\n<p><strong>I dag \u00e4r det en sp\u00e4nnande dag! <\/strong>En sp\u00e4nnande fredag! K\u00e4the och jag ska g\u00f6ra v\u00e5r f\u00f6rsta familjehemsintervju utifr\u00e5n NyaK\u00e4lvesten intervjuformul\u00e4r. Ska bli s\u00e5 sp\u00e4nnande. Vi \u00f6nskar er alla en h\u00e4rlig helg.<\/p>\n\n\n\n<p><strong>Vi SocialCare vill bli fler!<\/strong> Vi SocialCare s\u00f6ker fler familjehem. Vi SocialCare s\u00f6ker ocks\u00e5 er som har funderingar p\u00e5 att bli familjehem.<br>Som famijehem har ni konsultst\u00f6d dygnet runt och tillg\u00e5ng till en socionom f\u00f6r st\u00f6d och v\u00e4gledning.<br>Vi SocialCare v\u00e4rnar om goda relationer, ett gott samarbete d\u00e4r trygghet, kommunikation och \u00f6ppenhet \u00e4r viktiga ledord.<\/p>\n\n\n\n<p>Vill Ni vara med och g\u00f6ra skllnad f\u00f6r ett barn eller en ungdom \u00e4r ni v\u00e4lkomna att h\u00f6ra av er till<br><strong>Viveca Nygren<\/strong><br>0708-147790<br>info@visocialcare.se<br>&nbsp;<\/p>\n\n\n\n<p>Med v\u00e5r i luften och f\u00f6rhoppning om att snart sitta ute i sol och v\u00e4rme vill vi h\u00e4r meddela den glada nyheten: Vi har f\u00e5tt tillst\u00e5nd fr\u00e5n Socialstyelsen att bedriva konsulentst\u00f6dd familjehemsv\u00e5rd. Thjohooo!&nbsp;<\/p>\n\n\n\n<p>\u00d6nskar er alla en underbar v\u00e5r&nbsp;<\/p>\n\n\n\n<p>Vid pennan <strong>Viveca Nygren<\/strong><\/p>\n\n\n\n<p>2018 Nytt \u00e5r och nya utmaningar och nya m\u00f6jligheter! S\u00e5 h\u00e4rligt!<\/p>\n\n\n\n<p>Under \u00e5ret som g\u00e5tt har vi f\u00e5tt fortsatt f\u00f6rtroende och ut\u00f6kat v\u00e5r verksamhet med konsulentst\u00f6dda familjehem. Vi har \u00e4ven haft flera olika uppdrag inom barn och ungdomsv\u00e5rden inom socialtj\u00e4nsten, b\u00e5de g\u00e4llande utredning och ledarskap.<\/p>\n\n\n\n<p>I takt med att vi ser ett \u00f6kat behov av konsulentst\u00f6dda familjehem har vi ut\u00f6kat och knutit fler familjehem till v\u00e5r verksamhet. Vi har under \u00e5ret tr\u00e4ffat m\u00e5nga familjehem f\u00f6r utredning och handledning, vilka alla besitter ett stort engagemang och i m\u00e5nga fall \u00e4ven stor erfarenhet. Vid f\u00f6rfr\u00e5gan fr\u00e5n kommunerna har vi d\u00e4rf\u00f6r kunnat erbjuda familjehem som m\u00e5nga g\u00e5nger matchat f\u00f6rfr\u00e5gan och barnets behov. Vi kommer att forts\u00e4tta detta viktiga arbete och \u00e4ven vidarutveckla verksamheten inom omr\u00e5det.&nbsp;<\/p>\n\n\n\n<p>Under kommande \u00e5r planerar vi att starta upp och erbjuda socialtj\u00e4nsten utbildning inom utredningsarbetet avseende barn och ungdomar f\u00f6r att st\u00e4rka och ge socialsekreterare ytterligare trygghet och kompetens i sin viktiga och sv\u00e5ra arbetsprofession. Ytterligare information kommer.<\/p>\n\n\n\n<p>En f\u00f6r\u00e4ndrings som skett under 2017 \u00e4r att Linda har slutat sin tj\u00e4nst p\u00e5 Vi SocialCare och ist\u00e4llet har K\u00e4the Kempe tagit \u00f6ver som familjehemskonsulent. Jag tackar Linda varmt f\u00f6r hennes insatser och \u00f6nskar henne lycka till i sitt fortsatta arbetet inom socialt arbete. Vill \u00e4ven \u00f6nska K\u00e4the varmt v\u00e4lkommen till Vi SocialCare.<\/p>\n\n\n\n<p>Vid pennan Viveca Nygren<br>\u00a0<\/p>\n\n\n\n<p>Ett nytt \u00e5r ligger framf\u00f6r oss, h\u00e4rligt!<\/p>\n\n\n\n<p>Vi har under de senaste m\u00e5naderna haft den stora f\u00f6rm\u00e5nen att l\u00e4ra k\u00e4nna m\u00e5nga familjehem med b\u00e5de l\u00e5ng och bred erfarenhet av familjehemsuppdrag. I dagsl\u00e4get har vi familjehem som har m\u00f6jlighet att ta emot b\u00e5de sm\u00e5 barn och ton\u00e5ringar samt \u00e4ven syskonplaceringar. Vi har ocks\u00e5 l\u00e4rt k\u00e4nna m\u00e5nga som \u00e4r i b\u00f6rjan av processen att bli familjehem. Det \u00e4r alltid lika roligt och hoppfullt att komma i kontakt med m\u00e4nniskor som har \u00f6nskan om att \u00f6ppna upp sitt hem f\u00f6r barn och ungdomar. Ett extra tack till Er alla, er insats \u00e4r ov\u00e4rderlig!<\/p>\n\n\n\n<p>V\u00e5ra intentioner \u00e4r att forts\u00e4tta rekrytering av b\u00e5de nya och erfarna familjehem f\u00f6r att p\u00e5 s\u00e5 vis ha god beredskap f\u00f6r en bra matchning vid f\u00f6rfr\u00e5gningar fr\u00e5n kommunerna.<\/p>\n\n\n\n<p>Viveca har avslutat sin MBT utbildning i Stockholm och hon kommer under v\u00e5ren att arbeta vidare som konsult inom personalf\u00f6rst\u00e4rkning.&nbsp;<\/p>\n\n\n\n<p>Linda kommer under v\u00e5ren att avsluta sin handledarutbildning i Malm\u00f6 och kommer fram\u00f6ver att ta handledningsuppdrag g\u00e4llande familjehem och personalgrupper inom psykosocialt arbetet.<\/p>\n\n\n\n<p>\u00d6nskar Er alla ett fantatiskt \u00e5r och att solen snart lyser varmt p\u00e5 oss.<\/p>\n\n\n\n<p>Januari 2017<\/p>\n\n\n\n<p>Viveca Nygren<\/p>\n\n\n\n<p>Under den underbara sensommaren har jag haft f\u00f6rm\u00e5nen att jobba vidare i uppdraget att uppr\u00e4tta rutiner och checklistor f\u00f6r ett socialkontor i Sm\u00e5land, inom verksamhetsomr\u00e5det barn och familj. Jag hoppas att dessa kommer att komma till stor nytta och trygghet f\u00f6r b\u00e5de handl\u00e4ggare och arbetsledning i det ansvarsfulla arbete vi utf\u00f6r inom socialt arbete.<\/p>\n\n\n\n<p>I september tog jag ocks\u00e5 ett stort steg och anst\u00e4llde en familjehemskonsulent. Hon heter Linda Thomsen, \u00e4r utbildad socionom och har m\u00e5nga \u00e5rs erfarenhet och kompetens inom bl.a kommunal barnav\u00e5rd och familjehemsv\u00e5rd. Linda och jag \u00e4r i m\u00e5ngt och mycket lika men ocks\u00e5 v\u00e4ldigt olika. D\u00e4rf\u00f6r tror jag att vi kommer att komplettera varandra bra och g\u00f6ra ett fantastisk arbete tillsammans. V\u00e4lkommen Linda och tack f\u00f6r att du \u00e4r du.<\/p>\n\n\n\n<p>Linda och jag har skickat ut flyers som vi hoppas har n\u00e5tt socialkontoren i Sk\u00e5ne, Blekinge, Halland, Sm\u00e5land och Kronoberg och att den lyckats g\u00f6ra ett riktigt gott intryck. Den konsulentst\u00f6dda verksamheten v\u00e4xer i takt med f\u00f6rfr\u00e5gningar dels fr\u00e5n kommunerna, dels fr\u00e5n famijehem som kontaktar oss med intresse av att samarbeta med oss, vilket \u00e4r v\u00e4ldigt roligt.<\/p>\n\n\n\n<p>Linda och jag har ocks\u00e5 dragit ig\u00e5ng en utbildningsomg\u00e5ng med Socialstyrelsens familjehemsutbildning &#8220;Ett hem att v\u00e4xa i&#8221; f\u00f6r v\u00e5ra familjehem. Vi har lagt upp utbildningen under fyra heldgar som vi tillbringar i trevliga lokaler p\u00e5 R\u00e5byLunds kurshotell i Lund. Linda och jag ser fram emot ytterliggare dagar tillsammans med familjehemmen och med m\u00e5nga sp\u00e4nnande och givande diskussioner.<\/p>\n<\/div>\n\n\n\n<div class=\"wp-block-column is-layout-flow wp-block-column-is-layout-flow\"><\/div>\n<\/div>\n\n\n\n<div class=\"wp-block-columns are-vertically-aligned-top is-layout-flex wp-container-core-columns-is-layout-9d6595d7 wp-block-columns-is-layout-flex\">\n<div class=\"wp-block-column is-vertically-aligned-top is-layout-flow wp-block-column-is-layout-flow\"><\/div>\n\n\n\n<div class=\"wp-block-column is-vertically-aligned-top is-layout-flow wp-block-column-is-layout-flow\" style=\"flex-basis:60%\">\n<div style=\"height:20px\" aria-hidden=\"true\" class=\"wp-block-spacer\"><\/div>\n\n\n\n<h6 class=\"wp-block-heading has-text-align-left si-clear-tm has-text-color\" style=\"color:#3857f1\"><\/h6>\n\n\n\n<div style=\"height:20px\" aria-hidden=\"true\" class=\"wp-block-spacer\"><\/div>\n\n\n\n<p><\/p>\n<\/div>\n\n\n\n<div class=\"wp-block-column is-vertically-aligned-top is-layout-flow wp-block-column-is-layout-flow\"><\/div>\n<\/div>\n\n\n\n<p><\/p>\n","protected":false},"excerpt":{"rendered":"<p>Aktuellt Nedan kan du l\u00e4sa mer om v\u00e5ra aktuella nyheter! April 2023 och det har precis varit p\u00e5sk. Uppt\u00e4cker&hellip;<\/p>\n","protected":false},"author":1,"featured_media":0,"parent":0,"menu_order":0,"comment_status":"closed","ping_status":"closed","template":"","meta":{"footnotes":""},"class_list":["post-252","page","type-page","status-publish","hentry"],"_links":{"self":[{"href":"https:\/\/www.visocialcare.se\/index.php\/wp-json\/wp\/v2\/pages\/252","targetHints":{"allow":["GET"]}}],"collection":[{"href":"https:\/\/www.visocialcare.se\/index.php\/wp-json\/wp\/v2\/pages"}],"about":[{"href":"https:\/\/www.visocialcare.se\/index.php\/wp-json\/wp\/v2\/types\/page"}],"author":[{"embeddable":true,"href":"https:\/\/www.visocialcare.se\/index.php\/wp-json\/wp\/v2\/users\/1"}],"replies":[{"embeddable":true,"href":"https:\/\/www.visocialcare.se\/index.php\/wp-json\/wp\/v2\/comments?post=252"}],"version-history":[{"count":1,"href":"https:\/\/www.visocialcare.se\/index.php\/wp-json\/wp\/v2\/pages\/252\/revisions"}],"predecessor-version":[{"id":253,"href":"https:\/\/www.visocialcare.se\/index.php\/wp-json\/wp\/v2\/pages\/252\/revisions\/253"}],"wp:attachment":[{"href":"https:\/\/www.visocialcare.se\/index.php\/wp-json\/wp\/v2\/media?parent=252"}],"curies":[{"name":"wp","href":"https:\/\/api.w.org\/{rel}","templated":true}]}}