{"id":267,"date":"2024-08-28T18:50:50","date_gmt":"2024-08-28T18:50:50","guid":{"rendered":"https:\/\/www.visocialcare.se\/?page_id=267"},"modified":"2024-08-28T18:50:54","modified_gmt":"2024-08-28T18:50:54","slug":"about-5","status":"publish","type":"page","link":"https:\/\/www.visocialcare.se\/","title":{"rendered":"Hem"},"content":{"rendered":"\n<div class=\"wp-block-columns is-layout-flex wp-container-core-columns-is-layout-9d6595d7 wp-block-columns-is-layout-flex\">\n<div class=\"wp-block-column is-layout-flow wp-block-column-is-layout-flow\"><\/div>\n\n\n\n<div class=\"wp-block-column is-layout-flow wp-block-column-is-layout-flow\" style=\"flex-basis:60%\">\n<h6 class=\"wp-block-heading has-text-align-left has-text-color\" style=\"color:#3857f1\"><\/h6>\n\n\n\n<h2 class=\"wp-block-heading has-text-align-center si-clear-tm h1\">Vi SocialCare Familjehemsv\u00e5rd och socionomkonsulter<\/h2>\n\n\n\n<p class=\"has-text-align-center has-text-color has-medium-font-size\" style=\"color:#666666\"><em>Med fokus p\u00e5 mentalisering och anknytning.<\/em><\/p>\n\n\n\n<hr class=\"wp-block-separator has-alpha-channel-opacity\"\/>\n\n\n\n<p><strong>Vi SocialCare riktar oss fr\u00e4mst mot kommunernas socialtj\u00e4nst. Vi SocialCare erbjuder kommunerna olika konsulttj\u00e4nster s\u00e5som konsulentst\u00f6dda familjehem och personalf\u00f6rst\u00e4rkning inom barn- och familj. Vi SocialCare arbetar fr\u00e4mst i Sk\u00e5ne men \u00e4ven i Sm\u00e5land, Kronoberg, Blekinge och Halland samt \u00f6vriga Sverige.<\/strong><\/p>\n<\/div>\n\n\n\n<div class=\"wp-block-column is-layout-flow wp-block-column-is-layout-flow\"><\/div>\n<\/div>\n\n\n\n<figure class=\"wp-block-image alignfull size-full is-style-rounded\"><img loading=\"lazy\" decoding=\"async\" width=\"583\" height=\"452\" src=\"http:\/\/www.visocialcare.se\/wp-content\/uploads\/2024\/08\/Screenshot-2024-08-28-204841.png\" alt=\"\" class=\"wp-image-268\" srcset=\"https:\/\/www.visocialcare.se\/wp-content\/uploads\/2024\/08\/Screenshot-2024-08-28-204841.png 583w, https:\/\/www.visocialcare.se\/wp-content\/uploads\/2024\/08\/Screenshot-2024-08-28-204841-300x233.png 300w\" sizes=\"auto, (max-width: 583px) 100vw, 583px\" \/><\/figure>\n\n\n\n<div class=\"wp-block-columns are-vertically-aligned-top is-layout-flex wp-container-core-columns-is-layout-9d6595d7 wp-block-columns-is-layout-flex\">\n<div class=\"wp-block-column is-vertically-aligned-top is-layout-flow wp-block-column-is-layout-flow\"><\/div>\n\n\n\n<div class=\"wp-block-column is-vertically-aligned-top is-layout-flow wp-block-column-is-layout-flow\" style=\"flex-basis:60%\">\n<div style=\"height:20px\" aria-hidden=\"true\" class=\"wp-block-spacer\"><\/div>\n\n\n\n<h6 class=\"wp-block-heading has-text-align-left si-clear-tm has-text-color\" style=\"color:#3857f1\"><\/h6>\n\n\n\n<p class=\"has-text-color has-medium-font-size\" style=\"color:#666666\">Socionomkonsulterna har stor kompetens vad g\u00e4ller lagstiftningen som reglerar myndighetsut\u00f6vningen inom socialtj\u00e4nsten. Vid ett bemanningsuppdrag \u00e4r den normala arbetstiden \u00e5tta timmar inklusive k\u00f6rtid. Ett uppdrag kan ocks\u00e5 vara utformat s\u00e5 att ett best\u00e4mt antal \u00e4renden ska handl\u00e4ggas. &nbsp; &nbsp;<\/p>\n\n\n\n<p class=\"has-medium-font-size\">Vi SocialCare erbjuder \u00e4ven mentorskap f\u00f6r nyexaminerade socionomer.<\/p>\n\n\n\n<div style=\"height:20px\" aria-hidden=\"true\" class=\"wp-block-spacer\"><\/div>\n\n\n\n<p><\/p>\n<\/div>\n\n\n\n<div class=\"wp-block-column is-vertically-aligned-top is-layout-flow wp-block-column-is-layout-flow\"><\/div>\n<\/div>\n\n\n\n<p><\/p>\n","protected":false},"excerpt":{"rendered":"<p>Vi SocialCare Familjehemsv\u00e5rd och socionomkonsulter Med fokus p\u00e5 mentalisering och anknytning. Vi SocialCare riktar oss fr\u00e4mst mot kommunernas socialtj\u00e4nst.&hellip;<\/p>\n","protected":false},"author":1,"featured_media":0,"parent":0,"menu_order":0,"comment_status":"closed","ping_status":"closed","template":"","meta":{"footnotes":""},"class_list":["post-267","page","type-page","status-publish","hentry"],"_links":{"self":[{"href":"https:\/\/www.visocialcare.se\/index.php\/wp-json\/wp\/v2\/pages\/267","targetHints":{"allow":["GET"]}}],"collection":[{"href":"https:\/\/www.visocialcare.se\/index.php\/wp-json\/wp\/v2\/pages"}],"about":[{"href":"https:\/\/www.visocialcare.se\/index.php\/wp-json\/wp\/v2\/types\/page"}],"author":[{"embeddable":true,"href":"https:\/\/www.visocialcare.se\/index.php\/wp-json\/wp\/v2\/users\/1"}],"replies":[{"embeddable":true,"href":"https:\/\/www.visocialcare.se\/index.php\/wp-json\/wp\/v2\/comments?post=267"}],"version-history":[{"count":1,"href":"https:\/\/www.visocialcare.se\/index.php\/wp-json\/wp\/v2\/pages\/267\/revisions"}],"predecessor-version":[{"id":269,"href":"https:\/\/www.visocialcare.se\/index.php\/wp-json\/wp\/v2\/pages\/267\/revisions\/269"}],"wp:attachment":[{"href":"https:\/\/www.visocialcare.se\/index.php\/wp-json\/wp\/v2\/media?parent=267"}],"curies":[{"name":"wp","href":"https:\/\/api.w.org\/{rel}","templated":true}]}}